{"id":3313,"date":"2026-04-09T15:30:57","date_gmt":"2026-04-09T12:30:57","guid":{"rendered":"https:\/\/jalgpall.ee\/u17euro\/?page_id=3313"},"modified":"2026-04-09T17:41:01","modified_gmt":"2026-04-09T14:41:01","slug":"press-2","status":"publish","type":"page","link":"https:\/\/jalgpall.ee\/u17euro\/press-2\/","title":{"rendered":"Press"},"content":{"rendered":"<div id=\"themify_builder_content-3313\" data-postid=\"3313\" class=\"themify_builder_content themify_builder_content-3313 themify_builder\">\n    \t<!-- module_row -->\n\t<div  class=\"themify_builder_row module_row clearfix module_row_1 themify_builder_3313_row module_row_3313-1 tb_xhhj62\">\n\t    \t    <div class=\"row_inner col_align_top\" >\n\t\t\t<div  class=\"module_column tb-column col-full first tb_3313_column module_column_0 module_column_3313-1-0 tb_thao62\">\n\t    \t    \t        <div class=\"tb-column-inner\">\n\t\t    <!-- module text -->\n<div  class=\"module module-text tb_nsyb64    \">\n            <div  class=\"tb_text_wrap\">\n    <p><strong>Akrediteerimine noormeeste U17 EM-finaalturniirile<\/strong><\/p>\n<p>Eesti v\u00f5\u00f5rustab jalgpalli suurs\u00fcndmust, kui 25. maist kuni 7. juunini toimuval noormeeste U17 EM-finaalturniiril selgitatakse v\u00e4lja selle vanuseklassi Euroopa meister.\u00a0<\/p>\n<p><a href=\"https:\/\/forms.office.com\/Pages\/ResponsePage.aspx?id=b_pMq6WwZUaSDKXtkSRjPkkJNBIFKitNrrNPiQCzedBUNVZEOVFWQ1pDNE9DSk1BVFVXOUkzSThLRi4u\" target=\"_blank\" rel=\"noopener\">Meedia akrediteerimise taotlemine<\/a> k\u00f5igile turniiri m\u00e4ngudele on alanud. Finaalturniirile akrediteeringu saamiseks tuleb taotlusvorm t\u00e4ita hiljemalt <b>20. maiks.\u00a0<\/b>K\u00f5igi taotlejatega v\u00f5etakse peagi p\u00e4rast vormi t\u00e4itmist \u00fchendust ning edastatakse t\u00e4psem info.\u00a0<br \/><br \/>K\u00fcsimuste korral palume v\u00f5tta \u00fchendust aadressil press[at]jalgpall.ee.<\/p>    <\/div>\n<\/div>\n<!-- \/module text -->\n\t        <\/div>\n\t    \t<\/div>\n\t\t    <\/div>\n\t    <!-- \/row_inner -->\n\t<\/div>\n\t<!-- \/module_row -->\n\t<\/div>\n\n","protected":false},"excerpt":{"rendered":"<p>Akrediteerimine noormeeste U17 EM-finaalturniirile Eesti v\u00f5\u00f5rustab jalgpalli suurs\u00fcndmust, kui 25. maist kuni 7. juunini toimuval noormeeste U17 EM-finaalturniiril selgitatakse v\u00e4lja selle vanuseklassi Euroopa meister.\u00a0 Meedia akrediteerimise taotlemine k\u00f5igile turniiri m\u00e4ngudele on alanud. Finaalturniirile akrediteeringu saamiseks tuleb taotlusvorm t\u00e4ita hiljemalt 20. maiks.\u00a0K\u00f5igi taotlejatega v\u00f5etakse peagi p\u00e4rast vormi t\u00e4itmist \u00fchendust ning edastatakse t\u00e4psem info.\u00a0 K\u00fcsimuste korral palume [&hellip;]<\/p>\n","protected":false},"author":7,"featured_media":0,"parent":0,"menu_order":0,"comment_status":"closed","ping_status":"closed","template":"","meta":{"footnotes":""},"class_list":["post-3313","page","type-page","status-publish","hentry","has-post-title","has-post-date","has-post-category","has-post-tag","has-post-comment","has-post-author",""],"builder_content":"<p><strong>Akrediteerimine noormeeste U17 EM-finaalturniirile<\/strong><\/p> <p>Eesti v\u00f5\u00f5rustab jalgpalli suurs\u00fcndmust, kui 25. maist kuni 7. juunini toimuval noormeeste U17 EM-finaalturniiril selgitatakse v\u00e4lja selle vanuseklassi Euroopa meister.\u00a0<\/p> <p><a href=\"https:\/\/forms.office.com\/Pages\/ResponsePage.aspx?id=b_pMq6WwZUaSDKXtkSRjPkkJNBIFKitNrrNPiQCzedBUNVZEOVFWQ1pDNE9DSk1BVFVXOUkzSThLRi4u\" target=\"_blank\" rel=\"noopener\">Meedia akrediteerimise taotlemine<\/a> k\u00f5igile turniiri m\u00e4ngudele on alanud. Finaalturniirile akrediteeringu saamiseks tuleb taotlusvorm t\u00e4ita hiljemalt <b>20. maiks.\u00a0<\/b>K\u00f5igi taotlejatega v\u00f5etakse peagi p\u00e4rast vormi t\u00e4itmist \u00fchendust ning edastatakse t\u00e4psem info.\u00a0<br \/><br \/>K\u00fcsimuste korral palume v\u00f5tta \u00fchendust aadressil press[at]jalgpall.ee.<\/p>","_links":{"self":[{"href":"https:\/\/jalgpall.ee\/u17euro\/wp-json\/wp\/v2\/pages\/3313","targetHints":{"allow":["GET"]}}],"collection":[{"href":"https:\/\/jalgpall.ee\/u17euro\/wp-json\/wp\/v2\/pages"}],"about":[{"href":"https:\/\/jalgpall.ee\/u17euro\/wp-json\/wp\/v2\/types\/page"}],"author":[{"embeddable":true,"href":"https:\/\/jalgpall.ee\/u17euro\/wp-json\/wp\/v2\/users\/7"}],"replies":[{"embeddable":true,"href":"https:\/\/jalgpall.ee\/u17euro\/wp-json\/wp\/v2\/comments?post=3313"}],"version-history":[{"count":5,"href":"https:\/\/jalgpall.ee\/u17euro\/wp-json\/wp\/v2\/pages\/3313\/revisions"}],"predecessor-version":[{"id":3332,"href":"https:\/\/jalgpall.ee\/u17euro\/wp-json\/wp\/v2\/pages\/3313\/revisions\/3332"}],"wp:attachment":[{"href":"https:\/\/jalgpall.ee\/u17euro\/wp-json\/wp\/v2\/media?parent=3313"}],"curies":[{"name":"wp","href":"https:\/\/api.w.org\/{rel}","templated":true}]}}