{"id":3389,"date":"2026-05-04T14:37:26","date_gmt":"2026-05-04T11:37:26","guid":{"rendered":"https:\/\/jalgpall.ee\/u17euro\/?page_id=3389"},"modified":"2026-05-05T15:05:07","modified_gmt":"2026-05-05T12:05:07","slug":"laste-heaolu","status":"publish","type":"page","link":"https:\/\/jalgpall.ee\/u17euro\/laste-heaolu\/","title":{"rendered":"Laste heaolu"},"content":{"rendered":"<div id=\"themify_builder_content-3389\" data-postid=\"3389\" class=\"themify_builder_content themify_builder_content-3389 themify_builder\">\n    \t<!-- module_row -->\n\t<div  class=\"themify_builder_row module_row clearfix module_row_1 themify_builder_3389_row module_row_3389-1 tb_qvoc908\">\n\t    \t    <div class=\"row_inner col_align_top\" >\n\t\t\t<div  class=\"module_column tb-column col-full first tb_3389_column module_column_0 module_column_3389-1-0 tb_m54i908\">\n\t    \t    \t        <div class=\"tb-column-inner\">\n\t\t    <!-- module text -->\n<div  class=\"module module-text tb_ikpn911    \">\n            <div  class=\"tb_text_wrap\">\n    <p>\u00a0<\/p>\n<p><span data-teams=\"true\">UEFA U17 finaalturniiri saadik <strong>Henri Anier<\/strong>: \u201eEM-finaalturniir on jalgpallipidu k\u00f5ige paremas m\u00f5ttes. Meie k\u00f5igi \u00fchine eesm\u00e4rk peab olema, et turniir kulgeks turvaliselt absoluutselt k\u00f5igi osalejate jaoks. Teeme \u00fchiselt k\u00f5ik selle nimel, et noored saaksid suurturniiri nautida t\u00e4iel rinnal.\u201c<\/span><\/p>\n<p><a href=\"https:\/\/www.jalgpall.ee\/docs\/U17%202026_Safeguarding%20Plan.pdf\" target=\"_blank\" rel=\"noopener\">Laste heaolu ja turvalisuse p\u00f5him\u00f5tted (ENG)<\/a><br \/><a href=\"https:\/\/www.jalgpall.ee\/docs\/Poster%20how%20to%20recognise%20child%20abuse%20in%20football.png\" target=\"_blank\" rel=\"noopener\">Kuidas muret \u00e4ra tunda? (ENG)<\/a><br \/><a href=\"https:\/\/www.jalgpall.ee\/docs\/Reporting%20plan%20.png\" target=\"_blank\" rel=\"noopener\">Kuidas murest teada anda? (ENG)<\/a><br \/><a href=\"https:\/\/www.jalgpall.ee\/docs\/uefa_cyp_eventguidelines%20%282026%20tegevuste%20jaoks%29.pdf\" target=\"_blank\" rel=\"noopener\">UEFA \u00fcrituste juhised (ENG)<\/a><\/p>\n<p>Kontakt:<br \/><strong>Juta Petersoo<br \/><\/strong>Laste turvalisuse ja heaolu toetava programmi ekspert<br \/>lasteheaolu[\u00e4t]jalgpall.ee<br \/>(372) 517 7319 <\/p>    <\/div>\n<\/div>\n<!-- \/module text -->\n\t        <\/div>\n\t    \t<\/div>\n\t\t    <\/div>\n\t    <!-- \/row_inner -->\n\t<\/div>\n\t<!-- \/module_row -->\n\t<\/div>\n\n","protected":false},"excerpt":{"rendered":"<p>\u00a0 UEFA U17 finaalturniiri saadik Henri Anier: \u201eEM-finaalturniir on jalgpallipidu k\u00f5ige paremas m\u00f5ttes. Meie k\u00f5igi \u00fchine eesm\u00e4rk peab olema, et turniir kulgeks turvaliselt absoluutselt k\u00f5igi osalejate jaoks. Teeme \u00fchiselt k\u00f5ik selle nimel, et noored saaksid suurturniiri nautida t\u00e4iel rinnal.\u201c Laste heaolu ja turvalisuse p\u00f5him\u00f5tted (ENG)Kuidas muret \u00e4ra tunda? (ENG)Kuidas murest teada anda? (ENG)UEFA \u00fcrituste juhised [&hellip;]<\/p>\n","protected":false},"author":7,"featured_media":0,"parent":0,"menu_order":0,"comment_status":"closed","ping_status":"closed","template":"","meta":{"footnotes":""},"class_list":["post-3389","page","type-page","status-publish","hentry","has-post-title","has-post-date","has-post-category","has-post-tag","has-post-comment","has-post-author",""],"builder_content":"<p>\u00a0<\/p> <p>UEFA U17 finaalturniiri saadik <strong>Henri Anier<\/strong>: \u201eEM-finaalturniir on jalgpallipidu k\u00f5ige paremas m\u00f5ttes. Meie k\u00f5igi \u00fchine eesm\u00e4rk peab olema, et turniir kulgeks turvaliselt absoluutselt k\u00f5igi osalejate jaoks. Teeme \u00fchiselt k\u00f5ik selle nimel, et noored saaksid suurturniiri nautida t\u00e4iel rinnal.\u201c<\/p> <p><a href=\"https:\/\/www.jalgpall.ee\/docs\/U17%202026_Safeguarding%20Plan.pdf\" target=\"_blank\" rel=\"noopener\">Laste heaolu ja turvalisuse p\u00f5him\u00f5tted (ENG)<\/a><br \/><a href=\"https:\/\/www.jalgpall.ee\/docs\/Poster%20how%20to%20recognise%20child%20abuse%20in%20football.png\" target=\"_blank\" rel=\"noopener\">Kuidas muret \u00e4ra tunda? (ENG)<\/a><br \/><a href=\"https:\/\/www.jalgpall.ee\/docs\/Reporting%20plan%20.png\" target=\"_blank\" rel=\"noopener\">Kuidas murest teada anda? (ENG)<\/a><br \/><a href=\"https:\/\/www.jalgpall.ee\/docs\/uefa_cyp_eventguidelines%20%282026%20tegevuste%20jaoks%29.pdf\" target=\"_blank\" rel=\"noopener\">UEFA \u00fcrituste juhised (ENG)<\/a><\/p> <p>Kontakt:<br \/><strong>Juta Petersoo<br \/><\/strong>Laste turvalisuse ja heaolu toetava programmi ekspert<br \/>lasteheaolu[\u00e4t]jalgpall.ee<br \/>(372) 517 7319 <\/p>","_links":{"self":[{"href":"https:\/\/jalgpall.ee\/u17euro\/wp-json\/wp\/v2\/pages\/3389","targetHints":{"allow":["GET"]}}],"collection":[{"href":"https:\/\/jalgpall.ee\/u17euro\/wp-json\/wp\/v2\/pages"}],"about":[{"href":"https:\/\/jalgpall.ee\/u17euro\/wp-json\/wp\/v2\/types\/page"}],"author":[{"embeddable":true,"href":"https:\/\/jalgpall.ee\/u17euro\/wp-json\/wp\/v2\/users\/7"}],"replies":[{"embeddable":true,"href":"https:\/\/jalgpall.ee\/u17euro\/wp-json\/wp\/v2\/comments?post=3389"}],"version-history":[{"count":4,"href":"https:\/\/jalgpall.ee\/u17euro\/wp-json\/wp\/v2\/pages\/3389\/revisions"}],"predecessor-version":[{"id":3400,"href":"https:\/\/jalgpall.ee\/u17euro\/wp-json\/wp\/v2\/pages\/3389\/revisions\/3400"}],"wp:attachment":[{"href":"https:\/\/jalgpall.ee\/u17euro\/wp-json\/wp\/v2\/media?parent=3389"}],"curies":[{"name":"wp","href":"https:\/\/api.w.org\/{rel}","templated":true}]}}